{"id":2059,"date":"2016-03-12T11:08:22","date_gmt":"2016-03-12T10:08:22","guid":{"rendered":"https:\/\/www2.bibelgemeinde-fulda.de\/?page_id=2059"},"modified":"2016-03-31T23:57:09","modified_gmt":"2016-03-31T21:57:09","slug":"mission","status":"publish","type":"page","link":"https:\/\/www.bibelgemeinde-fulda.de\/?page_id=2059","title":{"rendered":"Mission"},"content":{"rendered":"<p>[et_pb_section admin_label=&#8220;Sektion&#8220; fullwidth=&#8220;on&#8220; specialty=&#8220;off&#8220;][et_pb_fullwidth_image admin_label=&#8220;Volle Breite des Bildes&#8220; src=&#8220;https:\/\/www.bibelgemeinde-fulda.de\/wp-content\/uploads\/2016\/03\/electric-globe.jpg&#8220; show_in_lightbox=&#8220;off&#8220; url_new_window=&#8220;off&#8220; use_overlay=&#8220;off&#8220; animation=&#8220;off&#8220; use_border_color=&#8220;off&#8220; border_color=&#8220;#ffffff&#8220; border_style=&#8220;solid&#8220;] [\/et_pb_fullwidth_image][\/et_pb_section][et_pb_section admin_label=&#8220;section&#8220;][et_pb_row admin_label=&#8220;row&#8220;][et_pb_column type=&#8220;2_3&#8243;][et_pb_text admin_label=&#8220;Text&#8220; background_layout=&#8220;light&#8220; text_orientation=&#8220;left&#8220; use_border_color=&#8220;off&#8220; border_color=&#8220;#ffffff&#8220; border_style=&#8220;solid&#8220;]<\/p>\n<h1><span style=\"color: #808080;\">Mission<\/span><\/h1>\n<p>Eines unserer wichtigsten Ziele ist die Unterst\u00fctzung der weltweiten Missionsarbeit. Dies umfasst das Gebet, finanzielle Leistungen und praktische Hilfe, wo es m\u00f6glich ist. Wir durften auch selbst einige Missionare in andere L\u00e4nder aussenden und sie in ihrer Arbeit unterst\u00fctzen. Durch einen regelm\u00e4\u00dfigen Austausch stehen wir in engem Kontakt mit ihnen und sind so Teil der globalen Missionarbeit.<\/p>\n<p>[\/et_pb_text][\/et_pb_column][et_pb_column type=&#8220;1_3&#8243;][et_pb_blurb admin_label=&#8220;Informationstext&#8220; title=&#8220;Die Bibel&#8220; url_new_window=&#8220;off&#8220; use_icon=&#8220;off&#8220; icon_color=&#8220;#fecb88&#8243; use_circle=&#8220;off&#8220; circle_color=&#8220;#fecb88&#8243; use_circle_border=&#8220;off&#8220; circle_border_color=&#8220;#fecb88&#8243; icon_placement=&#8220;top&#8220; animation=&#8220;top&#8220; background_layout=&#8220;light&#8220; text_orientation=&#8220;left&#8220; use_icon_font_size=&#8220;off&#8220; use_border_color=&#8220;off&#8220; border_color=&#8220;#ffffff&#8220; border_style=&#8220;solid&#8220;]<\/p>\n<div id=\"b38ref40028020\" class=\"v40028020 verse highlight\">&#8222;Mir ist alle Macht im Himmel und auf der Erde gegeben. Darum geht zu allen V\u00f6lkern und macht die Menschen zu meinen J\u00fcngern; tauft sie auf den Namen\u00a0des Vaters, des Sohnes und des Heiligen Geistes und lehrt sie, alles zu befolgen, was ich euch geboten habe. Und seid gewiss: Ich bin jeden Tag bei euch, bis zum Ende der Welt.&#8220;<\/div>\n<div class=\"v40028020 verse highlight\" style=\"text-align: right;\">Matth\u00e4us 28,18-20<\/div>\n<p>[\/et_pb_blurb][\/et_pb_column][\/et_pb_row][\/et_pb_section]<\/p>\n","protected":false},"excerpt":{"rendered":"<p>[et_pb_section admin_label=&#8220;Sektion&#8220; fullwidth=&#8220;on&#8220; specialty=&#8220;off&#8220;][et_pb_fullwidth_image admin_label=&#8220;Volle Breite des Bildes&#8220; src=&#8220;https:\/\/www.bibelgemeinde-fulda.de\/wp-content\/uploads\/2016\/03\/electric-globe.jpg&#8220; show_in_lightbox=&#8220;off&#8220; url_new_window=&#8220;off&#8220; use_overlay=&#8220;off&#8220; animation=&#8220;off&#8220; use_border_color=&#8220;off&#8220; border_color=&#8220;#ffffff&#8220; border_style=&#8220;solid&#8220;] [\/et_pb_fullwidth_image][\/et_pb_section][et_pb_section admin_label=&#8220;section&#8220;][et_pb_row admin_label=&#8220;row&#8220;][et_pb_column type=&#8220;2_3&#8243;][et_pb_text admin_label=&#8220;Text&#8220; background_layout=&#8220;light&#8220; text_orientation=&#8220;left&#8220; use_border_color=&#8220;off&#8220; border_color=&#8220;#ffffff&#8220; border_style=&#8220;solid&#8220;] Mission Eines unserer wichtigsten Ziele ist die Unterst\u00fctzung der weltweiten Missionsarbeit. Dies umfasst das Gebet, finanzielle Leistungen und praktische Hilfe, wo es m\u00f6glich ist. Wir durften auch selbst einige [&hellip;]<\/p>\n","protected":false},"author":2,"featured_media":0,"parent":98,"menu_order":0,"comment_status":"closed","ping_status":"closed","template":"","meta":{"_et_pb_use_builder":"on","_et_pb_old_content":"<p>Hier eine kurze Ausf\u00fchrung zur Bedeutung der Mission f\u00fcr Gemeinde.<\/p><p>Desweiteren k\u00f6nnen Missionare vorgestellt werden, die von uns unterst\u00fctzt werden.<\/p><p>Wo dies nicht m\u00f6glich ist, k\u00f6nnte stellvertretend die Flagge des Landes gezeigt werden, in der Missionare t\u00e4tig sind.<\/p>","_et_gb_content_width":"","footnotes":""},"class_list":["post-2059","page","type-page","status-publish","hentry"],"_links":{"self":[{"href":"https:\/\/www.bibelgemeinde-fulda.de\/index.php?rest_route=\/wp\/v2\/pages\/2059","targetHints":{"allow":["GET"]}}],"collection":[{"href":"https:\/\/www.bibelgemeinde-fulda.de\/index.php?rest_route=\/wp\/v2\/pages"}],"about":[{"href":"https:\/\/www.bibelgemeinde-fulda.de\/index.php?rest_route=\/wp\/v2\/types\/page"}],"author":[{"embeddable":true,"href":"https:\/\/www.bibelgemeinde-fulda.de\/index.php?rest_route=\/wp\/v2\/users\/2"}],"replies":[{"embeddable":true,"href":"https:\/\/www.bibelgemeinde-fulda.de\/index.php?rest_route=%2Fwp%2Fv2%2Fcomments&post=2059"}],"version-history":[{"count":13,"href":"https:\/\/www.bibelgemeinde-fulda.de\/index.php?rest_route=\/wp\/v2\/pages\/2059\/revisions"}],"predecessor-version":[{"id":2393,"href":"https:\/\/www.bibelgemeinde-fulda.de\/index.php?rest_route=\/wp\/v2\/pages\/2059\/revisions\/2393"}],"up":[{"embeddable":true,"href":"https:\/\/www.bibelgemeinde-fulda.de\/index.php?rest_route=\/wp\/v2\/pages\/98"}],"wp:attachment":[{"href":"https:\/\/www.bibelgemeinde-fulda.de\/index.php?rest_route=%2Fwp%2Fv2%2Fmedia&parent=2059"}],"curies":[{"name":"wp","href":"https:\/\/api.w.org\/{rel}","templated":true}]}}