{"id":83,"date":"2015-11-27T04:07:31","date_gmt":"2015-11-27T03:07:31","guid":{"rendered":"https:\/\/www2.bibelgemeinde-fulda.de\/?page_id=83"},"modified":"2016-07-17T22:22:22","modified_gmt":"2016-07-17T20:22:22","slug":"unser-glaube","status":"publish","type":"page","link":"https:\/\/www.bibelgemeinde-fulda.de\/?page_id=83","title":{"rendered":"Glaube"},"content":{"rendered":"<p>[et_pb_section admin_label=&#8220;Sektion&#8220; fullwidth=&#8220;on&#8220; specialty=&#8220;off&#8220;][et_pb_fullwidth_slider admin_label=&#8220;Vollbreiter Slider&#8220; show_arrows=&#8220;on&#8220; show_pagination=&#8220;on&#8220; auto=&#8220;off&#8220; auto_ignore_hover=&#8220;off&#8220; parallax=&#8220;off&#8220; parallax_method=&#8220;off&#8220; remove_inner_shadow=&#8220;off&#8220; background_position=&#8220;default&#8220; background_size=&#8220;default&#8220; hide_content_on_mobile=&#8220;off&#8220; hide_cta_on_mobile=&#8220;off&#8220; show_image_video_mobile=&#8220;off&#8220; custom_button=&#8220;off&#8220; button_letter_spacing=&#8220;0&#8243; button_use_icon=&#8220;default&#8220; button_icon_placement=&#8220;right&#8220; button_on_hover=&#8220;on&#8220; button_letter_spacing_hover=&#8220;0&#8243;] [et_pb_slide background_image=&#8220;https:\/\/www.bibelgemeinde-fulda.de\/wp-content\/uploads\/2015\/11\/Glaube.jpg&#8220; background_position=&#8220;default&#8220; background_size=&#8220;default&#8220; background_color=&#8220;#ffffff&#8220; use_bg_overlay=&#8220;off&#8220; use_text_overlay=&#8220;off&#8220; alignment=&#8220;center&#8220; background_layout=&#8220;dark&#8220; allow_player_pause=&#8220;off&#8220; text_border_radius=&#8220;3&#8243; header_font_select=&#8220;default&#8220; header_font=&#8220;||||&#8220; body_font_select=&#8220;default&#8220; body_font=&#8220;||||&#8220; custom_button=&#8220;off&#8220; button_font_select=&#8220;default&#8220; button_font=&#8220;||||&#8220; button_use_icon=&#8220;default&#8220; button_icon_placement=&#8220;right&#8220; button_on_hover=&#8220;on&#8220;] [\/et_pb_slide] [\/et_pb_fullwidth_slider][\/et_pb_section][et_pb_section admin_label=&#8220;section&#8220;][et_pb_row admin_label=&#8220;row&#8220;][et_pb_column type=&#8220;4_4&#8243;][et_pb_text admin_label=&#8220;\u00dcberschrift&#8220; background_layout=&#8220;light&#8220; text_orientation=&#8220;justified&#8220; use_border_color=&#8220;off&#8220; border_color=&#8220;#ffffff&#8220; border_style=&#8220;solid&#8220;]<\/p>\n<div class=\"page\" title=\"Page 1\">\n<div class=\"section\">\n<div class=\"layoutArea\">\n<div class=\"column\">\n<h1>Wir glauben an<\/h1>\n<\/div>\n<\/div>\n<\/div>\n<\/div>\n<p>[\/et_pb_text][et_pb_code admin_label=&#8220;Code &#8211; Inhalt&#8220; disabled=&#8220;off&#8220; disabled_on=&#8220;off|off|off&#8220;]&lt;div id=&#8220;stichworte&#8220;&gt; &lt;div id=&#8220;stichwortJesus&#8220; class=&#8220;box&#8220;&gt; &lt;div class=&#8220;turnaround&#8220;&gt; &lt;div class=&#8220;front&#8220;&gt; &lt;h2&gt;Jesus&lt;\/h2&gt; &lt;\/div&gt; &lt;div class=&#8220;back&#8220;&gt;Gott hat sich in Jesus Christus, seinem Sohn, geoffenbart. Dieser Jesus ist stellvertretend f\u00fcr unsere S\u00fcnde und Schuld am Kreuz gestorben, vom Tode auferstanden und in den Himmel aufgefahren. Dieser Jesus wird zuk\u00fcnftig wiederkommen und die zu Sich nehmen, die ihr ganzes Vertrauen auf das vollbrachte Werk am Kreuz von Golgatha gesetzt haben. Nur durch Jesus Christus kann man zu Gott, dem Vater im Himmel, kommen. (&lt;a href=&#8220;http:\/\/www.bibleserver.com\/text\/LUT\/Johannes3,16&#8243; title=&#8220;Denn also hat Gott die Welt geliebt, dass er seinen eingeborenen Sohn gab, damit alle, die an ihn glauben, nicht verloren werden, sondern das ewige Leben haben.&#8220; target=&#8220;_blank&#8220;&gt;Joh 3,16&lt;\/a&gt;; &lt;a href=&#8220;http:\/\/www.bibleserver.com\/text\/LUT\/Johannes5,24&#8243; title=&#8220;Wahrlich, wahrlich, ich sage euch: Wer mein Wort h\u00f6rt und glaubt dem, der mich gesandt hat, der hat das ewige Leben und kommt nicht in das Gericht, sondern er ist vom Tode zum Leben hindurchgedrungen.&#8220; target=&#8220;_blank&#8220;&gt;5,24&lt;\/a&gt;; &lt;a href=&#8220;http:\/\/www.bibleserver.com\/text\/LUT\/Johannes6,47&#8243; title=&#8220;Wahrlich, wahrlich, ich sage euch: Wer glaubt, der hat das ewige Leben.&#8220; target=&#8220;_blank&#8220;&gt;6,47&lt;\/a&gt;) &lt;\/div&gt; &lt;\/div&gt; &lt;\/div&gt; &lt;div id=&#8220;stichwortGott&#8220; class=&#8220;box&#8220;&gt; &lt;div class=&#8220;turnaround&#8220;&gt; &lt;div class=&#8220;front&#8220;&gt; &lt;h2&gt;Gott&lt;\/h2&gt; &lt;\/div&gt; &lt;div class=&#8220;back&#8220;&gt;Gott ist ein dreieiniger Gott, der als Vater, Sohn und Heiliger Geist ewig existiert. &lt;a href=&#8220;http:\/\/www.bibleserver.com\/text\/LUT\/&#8220; title=&#8220;&#8220; target=&#8220;_blank&#8220;&gt;&lt;\/a&gt; &lt;\/div&gt; &lt;\/div&gt; &lt;\/div&gt; &lt;div id=&#8220;stichwortGeist&#8220; class=&#8220;box&#8220;&gt; &lt;div class=&#8220;turnaround&#8220;&gt; &lt;div class=&#8220;front&#8220;&gt; &lt;h2&gt;Heiliger Geist&lt;\/h2&gt; &lt;\/div&gt; &lt;div class=&#8220;back&#8220;&gt;Der Heilige Geist ist die dritte Person der Gottheit. Er f\u00fchrt in alle Wahrheit, er wohnt in jedem Gl\u00e4ubigen und will uns in das Bild Jesu umgestalten. Er begabt und beruft zu verschiedenen Diensten, wie er will, damit die Gemeinde Jesu auferbaut wird. (&lt;a href=&#8220;http:\/\/www.bibleserver.com\/text\/LUT\/Apostelgeschichte5,3&#8243; title=&#8220;Petrus aber sprach: Hananias, warum hat der Satan dein Herz erf\u00fcllt, dass du den Heiligen Geist belogen und etwas vom Geld f\u00fcr den Acker zur\u00fcckbehalten hast?&#8220; target=&#8220;_blank&#8220;&gt;Apg 5,3&lt;\/a&gt;; &lt;a href=&#8220;http:\/\/www.bibleserver.com\/text\/LUT\/Hebraeer9,8&#8243; title=&#8220;Damit macht der Heilige Geist deutlich, dass der Weg ins Heilige noch nicht offenbart sei, solange der vordere Teil der Stiftsh\u00fctte noch bestehe;&#8220; target=&#8220;_blank&#8220;&gt;Hebr 9,8&lt;\/a&gt;; &lt;a href=&#8220;http:\/\/www.bibleserver.com\/text\/LUT\/Hebraeer3,7&#8243; title=&#8220;Darum, wie der Heilige Geist spricht (Psalm 95,7-11): \u00bbHeute, wenn ihr seine Stimme h\u00f6ren werdet,[&#8230;]&#8220; target=&#8220;_blank&#8220;&gt;3,7&lt;\/a&gt;; &lt;a href=&#8220;http:\/\/www.bibleserver.com\/text\/LUT\/Lukas12,12&#8243; title=&#8220;denn der Heilige Geist wird euch in dieser Stunde lehren, was ihr sagen sollt.&#8220; target=&#8220;_blank&#8220;&gt;Lk 12,12&lt;\/a&gt;) &lt;\/div&gt; &lt;\/div&gt; &lt;\/div&gt; &lt;div id=&#8220;stichwortBibel&#8220; class=&#8220;box&#8220;&gt; &lt;div class=&#8220;turnaround&#8220;&gt; &lt;div class=&#8220;front&#8220;&gt; &lt;h2&gt;Bibel&lt;\/h2&gt; &lt;\/div&gt; &lt;div class=&#8220;back&#8220;&gt;Die Bibel (die &#8222;Heilige Schrift&#8220;) ist unfehlbares und unver\u00e4nderbares Wort Gottes f\u00fcr jeden Menschen und dient als Ma\u00dfstab f\u00fcr Glaube und Leben. (&lt;a href=&#8220;http:\/\/www.bibleserver.com\/text\/LUT\/1.Thessalonicher2,13&#8243; title=&#8220;Und darum danken wir auch Gott ohne Unterlass daf\u00fcr, dass ihr das Wort der g\u00f6ttlichen Predigt, das ihr von uns empfangen habt, nicht als Menschenwort aufgenommen habt, sondern als das, was es in Wahrheit ist, als Gottes Wort, das in euch wirkt, die ihr glaubt.&#8220; target=&#8220;_blank&#8220;&gt;1.Thes 2,13&lt;\/a&gt;; &lt;a href=&#8220;http:\/\/www.bibleserver.com\/text\/LUT\/Matthaeus4,4&#8243; title=&#8220;Er aber antwortete und sprach: Es steht geschrieben (5.Mose 8,3): \u00bbDer Mensch lebt nicht vom Brot allein, sondern von einem jeden Wort, das aus dem Mund Gottes geht.\u00ab&#8220; target=&#8220;_blank&#8220;&gt;Mt 4,4&lt;\/a&gt;; &lt;a href=&#8220;http:\/\/www.bibleserver.com\/text\/LUT\/2.Timotheus3,16&#8243; title=&#8220;Denn alle Schrift, von Gott eingegeben, ist n\u00fctze zur Lehre, zur Zurechtweisung, zur Besserung, zur Erziehung in der Gerechtigkeit,[&#8230;]&#8220; target=&#8220;_blank&#8220;&gt;2.Tim 3,16&lt;\/a&gt;) &lt;\/div&gt; &lt;\/div&gt; &lt;\/div&gt; &lt;div id=&#8220;stichwortErrettung&#8220; class=&#8220;box&#8220;&gt; &lt;div class=&#8220;turnaround&#8220;&gt; &lt;div class=&#8220;front&#8220;&gt; &lt;h2&gt;pers\u00f6nliche Errettung&lt;\/h2&gt; &lt;\/div&gt; &lt;div class=&#8220;back&#8220;&gt;Jeder Mensch muss eine pers\u00f6nliche Errettung durch den Glauben an das bereits vollbrachte Werk von Jesus Christus am Kreuz erfahren, um Gottes Gnade zugesprochen zu bekommen und dadurch ewiges Leben von Gott zu erhalten. (&lt;a href=&#8220;http:\/\/www.bibleserver.com\/text\/LUT\/Markus16,16&#8243; title=&#8220;Wer da glaubt und getauft wird, der wird selig werden; wer aber nicht glaubt, der wird verdammt werden.&#8220; target=&#8220;_blank&#8220;&gt;Mk 16,16&lt;\/a&gt;) &lt;\/div&gt; &lt;\/div&gt; &lt;\/div&gt; &lt;div id=&#8220;stichwortWiederkunft&#8220; class=&#8220;box&#8220;&gt; &lt;div class=&#8220;turnaround&#8220;&gt; &lt;div class=&#8220;front&#8220;&gt; &lt;h2&gt;Wiederkunft Jesu&lt;\/h2&gt; &lt;\/div&gt; &lt;div class=&#8220;back&#8220;&gt;Jesus Christus wird eines Tages wieder kommen, um die zu sich zu nehmen, die Ihm ihr ganzes Vertrauen geschenkt haben. (&lt;a href=&#8220;http:\/\/www.bibleserver.com\/text\/LUT\/1.Thessalonicher4,16+17&#8243; title=&#8220;Denn er selbst, der Herr, wird, wenn der Befehl ert\u00f6nt, wenn die Stimme des Erzengels und die Posaune Gottes erschallen, herabkommen vom Himmel, und zuerst werden die Toten, die in Christus gestorben sind, auferstehen. Danach werden wir, die wir leben und \u00fcbrig bleiben, zugleich mit ihnen entr\u00fcckt werden auf den Wolken in die Luft, dem Herrn entgegen; und so werden wir bei dem Herrn sein allezeit.&#8220; target=&#8220;_blank&#8220;&gt;1.Thes 4,16+17&lt;\/a&gt;; &lt;a href=&#8220;http:\/\/www.bibleserver.com\/text\/LUT\/2.Petrus1,16&#8243; title=&#8220;Denn wir sind nicht ausgekl\u00fcgelten Fabeln gefolgt, als wir euch kundgetan haben die Kraft und das Kommen unseres Herrn Jesus Christus; sondern wir haben seine Herrlichkeit selber gesehen.&#8220; target=&#8220;_blank&#8220;&gt;2.Ptr 1,16&lt;\/a&gt;; &lt;a href=&#8220;http:\/\/www.bibleserver.com\/text\/LUT\/Jakobus5,8&#8243; title=&#8220;Seid auch ihr geduldig und st\u00e4rkt eure Herzen; denn das Kommen des Herrn ist nahe.&#8220; target=&#8220;_blank&#8220;&gt;Jak 5,8&lt;\/a&gt;; &lt;a href=&#8220;http:\/\/www.bibleserver.com\/text\/LUT\/1.Korinther15,23&#8243; title=&#8220;Ein jeder aber in seiner Ordnung: als Erstling Christus; danach, wenn er kommen wird, die, die Christus angeh\u00f6ren;[&#8230;]&#8220; target=&#8220;_blank&#8220;&gt;1.Kor 15,23&lt;\/a&gt;) &lt;\/div&gt; &lt;\/div&gt; &lt;\/div&gt; &lt;div id=&#8220;stichwortTaufe&#8220; class=&#8220;box&#8220;&gt; &lt;div class=&#8220;turnaround&#8220;&gt; &lt;div class=&#8220;front&#8220;&gt; &lt;h2&gt;Taufe&lt;\/h2&gt; &lt;\/div&gt; &lt;div class=&#8220;back&#8220;&gt;Die Wassertaufe ist eine symbolische Handlung, die die Erl\u00f6sung des Gl\u00e4ubigen auf bildhafte Weise darstellt und ein Bekenntnis des T\u00e4uflings ist, dass Jesus Christus sein Herr und er ein neuer Mensch geworden ist und somit zur Gemeinde Jesu Christi geh\u00f6rt. (&lt;a href=&#8220;http:\/\/www.bibleserver.com\/text\/LUT\/Epheser4,5&#8243; title='&#8220;ein&#8220; Herr, &#8222;ein&#8220; Glaube, &#8222;eine&#8220; Taufe;&#8216; target=&#8220;_blank&#8220;&gt;Eph 4,5&lt;\/a&gt;; &lt;a href=&#8220;http:\/\/www.bibleserver.com\/text\/LUT\/Apostelgeschichte2,41&#8243; title=&#8220;Die nun sein Wort annahmen, lie\u00dfen sich taufen; und an diesem Tage wurden hinzugef\u00fcgt etwa dreitausend Menschen.&#8220; target=&#8220;_blank&#8220;&gt;Apg 2,41&lt;\/a&gt;; &lt;a href=&#8220;http:\/\/www.bibleserver.com\/text\/LUT\/Kolosser2,12&#8243; title=&#8220;Mit ihm seid ihr begraben worden durch die Taufe; mit ihm seid ihr auch auferstanden durch den Glauben aus der Kraft Gottes, der ihn auferweckt hat von den Toten.&#8220; target=&#8220;_blank&#8220;&gt;Kol 2,12&lt;\/a&gt;; &lt;a href=&#8220;http:\/\/www.bibleserver.com\/text\/LUT\/Roemer6&#8243; title=&#8220;R\u00f6mer 6 nachlesen&#8220; target=&#8220;_blank&#8220;&gt;R\u00f6m 6&lt;\/a&gt;) &lt;\/div&gt; &lt;\/div&gt; &lt;\/div&gt; &lt;div id=&#8220;stichwortAbendmahl&#8220; class=&#8220;box&#8220;&gt; &lt;div class=&#8220;turnaround&#8220;&gt; &lt;div class=&#8220;front&#8220;&gt; &lt;h2&gt;Abendmahl&lt;\/h2&gt; &lt;\/div&gt; &lt;div class=&#8220;back&#8220;&gt;Das Mahl des Herrn (Abendmahl \/ Brotbrechen) ist ebenfalls eine symbolische Handlung, die f\u00fcr wiedergeborene Christen gedacht ist. Es ist uns zum Ged\u00e4chtnis, zur Danksagung, Verk\u00fcndigung und Hoffnung gegeben, bis Jesus wiederkommt. Der Teilnahme am Mahl des Herrn soll eine ernsthafte Selbstpr\u00fcfung mit dem Ziel der Selbstkorrektur und der Vers\u00f6hnung vorausgehen. (&lt;a href=&#8220;http:\/\/www.bibleserver.com\/text\/LUT\/1.Korinther10,14-33&#8243; title=&#8220;1. Korinther 10 Verse 14 bis 33 nachlesen&#8220; target=&#8220;_blank&#8220;&gt;1.Kor 10,14-33&lt;\/a&gt;; &lt;a href=&#8220;http:\/\/www.bibleserver.com\/text\/LUT\/1.Korinther11,17-34&#8243; title=&#8220;1. Korinther 11 Verse 17 bis 34 nachlesen&#8220; target=&#8220;_blank&#8220;&gt;1.Kor 11,17-34&lt;\/a&gt;; &lt;a href=&#8220;http:\/\/www.bibleserver.com\/text\/LUT\/Apostelgeschichte20,7&#8243; title=&#8220;Am ersten Tag der Woche aber, als wir versammelt waren, das Brot zu brechen, predigte ihnen Paulus, und da er am n\u00e4chsten Tag weiterreisen wollte, zog er die Rede hin bis Mitternacht.&#8220; target=&#8220;_blank&#8220;&gt;Apostelgeschichte 20,7&lt;\/a&gt;) &lt;\/div&gt; &lt;\/div&gt; &lt;\/div&gt; &lt;\/div&gt;[\/et_pb_code][\/et_pb_column][\/et_pb_row][et_pb_row admin_label=&#8220;Zeile&#8220;][et_pb_column type=&#8220;4_4&#8243;][et_pb_text admin_label=&#8220;Text&#8220; background_layout=&#8220;light&#8220; text_orientation=&#8220;left&#8220; use_border_color=&#8220;off&#8220; border_color=&#8220;#ffffff&#8220; border_style=&#8220;solid&#8220;]<\/p>\n<p>Falls die \u00dcbersicht von\u00a0Ihrem Webbrowser nicht korrekt dargestellt werden kann oder Sie diese Informationen ausdrucken m\u00f6chten, finden Sie die selben Informationen in folgendem PDF Dokument: <a href=\"https:\/\/www.bibelgemeinde-fulda.de\/wp-content\/uploads\/2016\/04\/Glauben.pdf\" target=\"_blank\">Glauben.pdf<\/a><\/p>\n<p>[\/et_pb_text][\/et_pb_column][\/et_pb_row][\/et_pb_section]<\/p>\n","protected":false},"excerpt":{"rendered":"<p>[et_pb_section admin_label=&#8220;Sektion&#8220; fullwidth=&#8220;on&#8220; specialty=&#8220;off&#8220;][et_pb_fullwidth_slider admin_label=&#8220;Vollbreiter Slider&#8220; show_arrows=&#8220;on&#8220; show_pagination=&#8220;on&#8220; auto=&#8220;off&#8220; auto_ignore_hover=&#8220;off&#8220; parallax=&#8220;off&#8220; parallax_method=&#8220;off&#8220; remove_inner_shadow=&#8220;off&#8220; background_position=&#8220;default&#8220; background_size=&#8220;default&#8220; hide_content_on_mobile=&#8220;off&#8220; hide_cta_on_mobile=&#8220;off&#8220; show_image_video_mobile=&#8220;off&#8220; custom_button=&#8220;off&#8220; button_letter_spacing=&#8220;0&#8243; button_use_icon=&#8220;default&#8220; button_icon_placement=&#8220;right&#8220; button_on_hover=&#8220;on&#8220; button_letter_spacing_hover=&#8220;0&#8243;] [et_pb_slide background_image=&#8220;https:\/\/www.bibelgemeinde-fulda.de\/wp-content\/uploads\/2015\/11\/Glaube.jpg&#8220; background_position=&#8220;default&#8220; background_size=&#8220;default&#8220; background_color=&#8220;#ffffff&#8220; use_bg_overlay=&#8220;off&#8220; use_text_overlay=&#8220;off&#8220; alignment=&#8220;center&#8220; background_layout=&#8220;dark&#8220; allow_player_pause=&#8220;off&#8220; text_border_radius=&#8220;3&#8243; header_font_select=&#8220;default&#8220; header_font=&#8220;||||&#8220; body_font_select=&#8220;default&#8220; body_font=&#8220;||||&#8220; custom_button=&#8220;off&#8220; button_font_select=&#8220;default&#8220; button_font=&#8220;||||&#8220; button_use_icon=&#8220;default&#8220; button_icon_placement=&#8220;right&#8220; button_on_hover=&#8220;on&#8220;] [\/et_pb_slide] [\/et_pb_fullwidth_slider][\/et_pb_section][et_pb_section admin_label=&#8220;section&#8220;][et_pb_row admin_label=&#8220;row&#8220;][et_pb_column type=&#8220;4_4&#8243;][et_pb_text admin_label=&#8220;\u00dcberschrift&#8220; background_layout=&#8220;light&#8220; text_orientation=&#8220;justified&#8220; use_border_color=&#8220;off&#8220; border_color=&#8220;#ffffff&#8220; [&hellip;]<\/p>\n","protected":false},"author":1,"featured_media":0,"parent":0,"menu_order":2,"comment_status":"closed","ping_status":"closed","template":"","meta":{"_et_pb_use_builder":"on","_et_pb_old_content":"","_et_gb_content_width":"","footnotes":""},"class_list":["post-83","page","type-page","status-publish","hentry"],"_links":{"self":[{"href":"https:\/\/www.bibelgemeinde-fulda.de\/index.php?rest_route=\/wp\/v2\/pages\/83","targetHints":{"allow":["GET"]}}],"collection":[{"href":"https:\/\/www.bibelgemeinde-fulda.de\/index.php?rest_route=\/wp\/v2\/pages"}],"about":[{"href":"https:\/\/www.bibelgemeinde-fulda.de\/index.php?rest_route=\/wp\/v2\/types\/page"}],"author":[{"embeddable":true,"href":"https:\/\/www.bibelgemeinde-fulda.de\/index.php?rest_route=\/wp\/v2\/users\/1"}],"replies":[{"embeddable":true,"href":"https:\/\/www.bibelgemeinde-fulda.de\/index.php?rest_route=%2Fwp%2Fv2%2Fcomments&post=83"}],"version-history":[{"count":57,"href":"https:\/\/www.bibelgemeinde-fulda.de\/index.php?rest_route=\/wp\/v2\/pages\/83\/revisions"}],"predecessor-version":[{"id":2518,"href":"https:\/\/www.bibelgemeinde-fulda.de\/index.php?rest_route=\/wp\/v2\/pages\/83\/revisions\/2518"}],"wp:attachment":[{"href":"https:\/\/www.bibelgemeinde-fulda.de\/index.php?rest_route=%2Fwp%2Fv2%2Fmedia&parent=83"}],"curies":[{"name":"wp","href":"https:\/\/api.w.org\/{rel}","templated":true}]}}